{"id":187,"date":"2016-07-11T18:29:03","date_gmt":"2016-07-11T16:29:03","guid":{"rendered":"http:\/\/www.mv-alttann.de\/wp\/?page_id=187"},"modified":"2025-11-17T12:30:53","modified_gmt":"2025-11-17T11:30:53","slug":"unsere-truppe","status":"publish","type":"page","link":"http:\/\/www.mv-alttann.de\/wp\/?page_id=187","title":{"rendered":"Unsere Truppe"},"content":{"rendered":"<p>Gemeinsam sind wir stark!<\/p>\n<p><strong><span style=\"color: #0000ff;\">Dirigent:<br \/><\/span><\/strong><span style=\"color: #0000ff;\"><span style=\"color: #000000;\"><span style=\"color: #333333;\">Dominic Neusch<\/span><\/span><\/span><strong><span style=\"color: #0000ff;\"><br \/><\/span><\/strong><\/p>\n<p><strong><span style=\"color: #0000ff;\">Fl\u00f6te:<\/span><\/strong><br \/>Stefanie Denzler<br \/>Alexandra Schneider<br \/>Beatrice Rothenh\u00e4usler<br \/>Katja Demmler<br \/>Stefanie Motz<\/p>\n<p><strong><span style=\"color: #0000ff;\">Klarinette:<\/span><\/strong><br \/>Nicole Herdrich<br \/>Carina Wenzel<br \/>Anna Lang<br \/>Jana Roth<br \/>Marina Bautz<br \/>Silvana Rothenh\u00e4usler<br \/>Nicole Motz<\/p>\n<p><strong><span style=\"color: #0000ff;\">Altsaxophon:<\/span><\/strong><br \/>Manuela Schweikhardt<br \/>Bettina Huonker<br \/>Simone Weigt<br \/>Sarah Weierberger<br \/>Chiara Stimmler<br \/>Milena Wiedmann<\/p>\n<p><strong><span style=\"color: #0000ff;\">Tenorsaxophon:<\/span><\/strong><br \/>Katja Weigt<br \/>Roland Seyboldt<\/p>\n<p><strong><span style=\"color: #0000ff;\">Trompete:<\/span><\/strong><br \/>Daniel Kloos<br \/>Lena Bautz<br \/>Jan Rothenh\u00e4usler<\/p>\n<p><strong><span style=\"color: #0000ff;\">Fl\u00fcgelhorn:<\/span><\/strong><br \/>Wolfgang Hage<br \/>Wolfgang Bautz<br \/>Felix Wenzel<\/p>\n<p><strong><span style=\"color: #0000ff;\">Tenorhorn:<\/span><\/strong><br \/>Walter M\u00fcller<br \/>Robert Hoff<br \/>Marcel St\u00e4rk<\/p>\n<p><strong><span style=\"color: #0000ff;\">Barithon:<\/span><\/strong><br \/>Walter Wenzel<br \/>Melanie Weierberger<\/p>\n<p><strong><span style=\"color: #0000ff;\">Posaune:<\/span><\/strong><br \/>Elmar Kloos<br \/>Johannes Wenzel<br \/>Angelika Bautz<br \/>Maximilian Burger<br \/>Florian Mayer<\/p>\n<p><strong><span style=\"color: #0000ff;\">Bass:<\/span><\/strong><br \/>Joachim Beddig<br \/>Peter M\u00fcller<br \/>Werner Maurer<\/p>\n<p><strong><span style=\"color: #0000ff;\">Schlagzeug:<\/span><\/strong><br \/>Florian Bautz<br \/>Michael Strobel<br \/>Luca Bihler<br \/>David Hoch<\/p>\n\n\n<p class=\"has-vivid-cyan-blue-color has-text-color has-medium-font-size\">Ausschuss:<\/p>\n\n\n\n<p>Aktive Ausschussmitglieder:<br>Wolfgang Bautz<br>Elmar Kloos<br>Florian Mayer<br>Jana Roth<\/p>\n\n\n\n<p>Passive Ausschussmitglieder:<br>Manuel B\u00fcchler<br>Bernd M\u00fcller<br>Frederik Stephan<\/p>\n","protected":false},"excerpt":{"rendered":"<p>Gemeinsam sind wir stark! Dirigent:Dominic Neusch Fl\u00f6te:Stefanie DenzlerAlexandra SchneiderBeatrice Rothenh\u00e4uslerKatja DemmlerStefanie Motz Klarinette:Nicole HerdrichCarina WenzelAnna LangJana RothMarina BautzSilvana Rothenh\u00e4uslerNicole Motz Altsaxophon:Manuela SchweikhardtBettina HuonkerSimone WeigtSarah WeierbergerChiara StimmlerMilena Wiedmann Tenorsaxophon:Katja WeigtRoland Seyboldt Trompete:Daniel KloosLena BautzJan Rothenh\u00e4usler Fl\u00fcgelhorn:Wolfgang HageWolfgang BautzFelix Wenzel Tenorhorn:Walter M\u00fcllerRobert HoffMarcel St\u00e4rk Barithon:Walter WenzelMelanie Weierberger Posaune:Elmar KloosJohannes WenzelAngelika BautzMaximilian BurgerFlorian Mayer Bass:Joachim BeddigPeter M\u00fcllerWerner Maurer Schlagzeug:Florian BautzMichael StrobelLuca BihlerDavid Hoch Ausschuss: Aktive Ausschussmitglieder:Wolfgang BautzElmar KloosFlorian MayerJana Roth Passive Ausschussmitglieder:Manuel B\u00fcchlerBernd M\u00fcllerFrederik Stephan<\/p>\n","protected":false},"author":1,"featured_media":0,"parent":0,"menu_order":0,"comment_status":"closed","ping_status":"closed","template":"","meta":{"footnotes":""},"class_list":["post-187","page","type-page","status-publish","hentry"],"_links":{"self":[{"href":"http:\/\/www.mv-alttann.de\/wp\/index.php?rest_route=\/wp\/v2\/pages\/187","targetHints":{"allow":["GET"]}}],"collection":[{"href":"http:\/\/www.mv-alttann.de\/wp\/index.php?rest_route=\/wp\/v2\/pages"}],"about":[{"href":"http:\/\/www.mv-alttann.de\/wp\/index.php?rest_route=\/wp\/v2\/types\/page"}],"author":[{"embeddable":true,"href":"http:\/\/www.mv-alttann.de\/wp\/index.php?rest_route=\/wp\/v2\/users\/1"}],"replies":[{"embeddable":true,"href":"http:\/\/www.mv-alttann.de\/wp\/index.php?rest_route=%2Fwp%2Fv2%2Fcomments&post=187"}],"version-history":[{"count":21,"href":"http:\/\/www.mv-alttann.de\/wp\/index.php?rest_route=\/wp\/v2\/pages\/187\/revisions"}],"predecessor-version":[{"id":2024,"href":"http:\/\/www.mv-alttann.de\/wp\/index.php?rest_route=\/wp\/v2\/pages\/187\/revisions\/2024"}],"wp:attachment":[{"href":"http:\/\/www.mv-alttann.de\/wp\/index.php?rest_route=%2Fwp%2Fv2%2Fmedia&parent=187"}],"curies":[{"name":"wp","href":"https:\/\/api.w.org\/{rel}","templated":true}]}}